{"id":137,"date":"2025-08-08T22:53:29","date_gmt":"2025-08-08T22:53:29","guid":{"rendered":"https:\/\/caoba.studio\/?post_type=product&#038;p=137"},"modified":"2025-08-12T23:39:39","modified_gmt":"2025-08-12T23:39:39","slug":"service-contract-for-freelancers-and-creatives","status":"publish","type":"product","link":"https:\/\/caoba.studio\/en\/product\/service-contract-for-freelancers-and-creatives\/","title":{"rendered":"Service Contract for Freelancers or Creatives"},"content":{"rendered":"<p><strong>Your legal backup for every project.<\/strong><br \/>\nThis contract has been carefully designed to cover all the key areas of a branding, design, or any creative service project you offer as a freelancer or studio. It is a detailed, well-structured document created from the perspective of those of us who work in the creative field, helping you work with clarity, security, and professionalism.<br \/>\nDeveloped in editable\u00a0<strong>InDesign format<\/strong>, allowing you to easily customize it with your information, your client\u2019s details, and the specific services you provide. Whether you work in visual identity, web design, creative direction, or any other type of project, this contract adapts to you.<\/p>\n<p>With sections covering deliverables, timelines, payments, revisions, intellectual property, cancellations, and more, this contract is designed to help you avoid misunderstandings and keep your professional relationship protected at all times.<\/p>\n<p>Ideal for independent creatives, graphic designers, small studios, and freelancers who want to professionalize their process and protect their work from the very first contact.<\/p>\n<h2 class=\"sRaseys o__3_qaYl---typography-11-runningText o__3_qaYl---priority-7-primary _HOcyB x4nptw sxbtulv ftb6e2\" aria-hidden=\"false\" data-hook=\"info-section-title\">IMPORTANT<\/h2>\n<div class=\"rah-static rah-static--height-auto\" aria-hidden=\"false\">\n<div>\n<div class=\"ulKuLk QfrfFD cell\">\n<div class=\"zp8uy2\" data-hook=\"info-section-description\">\n<p>This purchase is for ONE individual license and may not be reused by others (clients, friends, etc.).<\/p>\n<p>Since this is a digital product, there are NO REFUNDS OR EXCHANGES.<\/p>\n<p>You can download it immediately. This product is in Spanish.<\/p>\n<\/div>\n<\/div>\n<\/div>\n<\/div>","protected":false},"excerpt":{"rendered":"<p>Tu respaldo legal en cada proyecto creativo. Este contrato ha sido cuidadosamente dise\u00f1ado para cubrir todas las \u00e1reas clave de un proyecto de branding, dise\u00f1o o cualquier servicio creativo que ofrezcas como freelancer o estudio. Es un documento detallado, estructurado y pensado desde la perspectiva de quienes vivimos de lo creativo, para ayudarte a trabajar [&hellip;]<\/p>","protected":false},"featured_media":139,"comment_status":"open","ping_status":"closed","template":"","meta":{"_acf_changed":false,"inline_featured_image":false},"product_brand":[],"product_cat":[15],"product_tag":[],"class_list":{"0":"post-137","1":"product","2":"type-product","3":"status-publish","4":"has-post-thumbnail","6":"product_cat-uncategorized","8":"first","9":"instock","10":"downloadable","11":"virtual","12":"purchasable","13":"product-type-simple"},"acf":[],"_links":{"self":[{"href":"https:\/\/caoba.studio\/en\/wp-json\/wp\/v2\/product\/137","targetHints":{"allow":["GET"]}}],"collection":[{"href":"https:\/\/caoba.studio\/en\/wp-json\/wp\/v2\/product"}],"about":[{"href":"https:\/\/caoba.studio\/en\/wp-json\/wp\/v2\/types\/product"}],"replies":[{"embeddable":true,"href":"https:\/\/caoba.studio\/en\/wp-json\/wp\/v2\/comments?post=137"}],"wp:featuredmedia":[{"embeddable":true,"href":"https:\/\/caoba.studio\/en\/wp-json\/wp\/v2\/media\/139"}],"wp:attachment":[{"href":"https:\/\/caoba.studio\/en\/wp-json\/wp\/v2\/media?parent=137"}],"wp:term":[{"taxonomy":"product_brand","embeddable":true,"href":"https:\/\/caoba.studio\/en\/wp-json\/wp\/v2\/product_brand?post=137"},{"taxonomy":"product_cat","embeddable":true,"href":"https:\/\/caoba.studio\/en\/wp-json\/wp\/v2\/product_cat?post=137"},{"taxonomy":"product_tag","embeddable":true,"href":"https:\/\/caoba.studio\/en\/wp-json\/wp\/v2\/product_tag?post=137"}],"curies":[{"name":"wp","href":"https:\/\/api.w.org\/{rel}","templated":true}]}}