{"id":522,"date":"2025-08-15T01:59:35","date_gmt":"2025-08-15T01:59:35","guid":{"rendered":"https:\/\/caoba.studio\/?post_type=product&#038;p=522"},"modified":"2025-08-15T01:59:35","modified_gmt":"2025-08-15T01:59:35","slug":"brandboard-blueprint","status":"publish","type":"product","link":"https:\/\/caoba.studio\/en\/product\/brandboard-blueprint\/","title":{"rendered":"Brandboard Blueprint"},"content":{"rendered":"<p><strong>Simplify the presentation of visual identities with our editable Brandboard.<\/strong><\/p>\n<p>This blueprint is designed for projects where a visual identity\u00a0<strong>simple but powerful<\/strong>\u00a0needs to be presented clearly and professionally. With this document, you can centralize all the key elements of a brand in an attractive, easy-to-understand visual format.<\/p>\n<p>&nbsp;<\/p>\n<p>What's included?<\/p>\n<p>Editable .Ai (Adobe Illustrator) file with the Brandboard Blueprint we use at Caoba Studio to deliver our projects.<\/p>\n<p>PDF file with a real example of a brand we worked on and how the Brandboard looks when applied, so you can get inspired when creating your own design.<\/p>\n<p><strong>Logotype<\/strong>\u00a0and its variations.<br \/>\n<strong>Exact codes and layout<\/strong>\u00a0for your color palette.<br \/>\n<strong>Main and secondary<\/strong>\u00a0font use.<br \/>\n<strong>Visual elements<\/strong>\u00a0or collateral graphics.<br \/>\n<strong>Mockups<\/strong>\u00a0to showcase the visual identity on a real life context.<\/p>\n<p>&nbsp;<\/p>\n<p>Perfect for projects where a full brand manual isn\u2019t required, but a compact, well-organized presentation is needed to allow the client to easily\u00a0<strong>understand, visualize, and apply their brand consistently across all touchpoints.<\/strong>.<\/p>\n<p>With our Brandboard Blueprint, you\u2019ll have a professional, editable tool to deliver clear proposals focused on what truly matters.<\/p>\n<p>&nbsp;<\/p>\n<h2 class=\"s__81QcWV oB23zdA---typography-11-runningText oB23zdA---priority-7-primary _HOcyB x4nptw sxbtulv ftb6e2\" aria-hidden=\"false\" data-hook=\"info-section-title\">IMPORTANT<\/h2>\n<div class=\"rah-static rah-static--height-auto\" aria-hidden=\"false\">\n<div>\n<div class=\"ulKuLk QfrfFD cell\">\n<div class=\"zp8uy2\" data-hook=\"info-section-description\">\n<p>This purchase is for ONE individual license and may not be reused by others (clients, friends, etc.).<\/p>\n<p>Since this is a digital product, there are NO REFUNDS OR EXCHANGES.<\/p>\n<p>You will be able to download it immediately. This product is in Spanish.<\/p>\n<\/div>\n<\/div>\n<\/div>\n<\/div>","protected":false},"excerpt":{"rendered":"<p>Simplifica la presentaci\u00f3n de identidades visuales con nuestro Brandboard editable. Este blueprint est\u00e1 dise\u00f1ado para esos proyectos donde una identidad visual\u00a0simple pero poderosa\u00a0necesita ser presentada de manera clara y profesional. Con este documento, podr\u00e1s centralizar todos los elementos clave de una marca en un formato visual atractivo y f\u00e1cil de entender. &nbsp; \u00bfQu\u00e9 incluye? Archivo [&hellip;]<\/p>","protected":false},"featured_media":523,"comment_status":"open","ping_status":"closed","template":"","meta":{"_acf_changed":false,"inline_featured_image":false},"product_brand":[],"product_cat":[15],"product_tag":[],"class_list":{"0":"post-522","1":"product","2":"type-product","3":"status-publish","4":"has-post-thumbnail","6":"product_cat-uncategorized","8":"first","9":"instock","10":"downloadable","11":"virtual","12":"purchasable","13":"product-type-simple"},"acf":[],"_links":{"self":[{"href":"https:\/\/caoba.studio\/en\/wp-json\/wp\/v2\/product\/522","targetHints":{"allow":["GET"]}}],"collection":[{"href":"https:\/\/caoba.studio\/en\/wp-json\/wp\/v2\/product"}],"about":[{"href":"https:\/\/caoba.studio\/en\/wp-json\/wp\/v2\/types\/product"}],"replies":[{"embeddable":true,"href":"https:\/\/caoba.studio\/en\/wp-json\/wp\/v2\/comments?post=522"}],"wp:featuredmedia":[{"embeddable":true,"href":"https:\/\/caoba.studio\/en\/wp-json\/wp\/v2\/media\/523"}],"wp:attachment":[{"href":"https:\/\/caoba.studio\/en\/wp-json\/wp\/v2\/media?parent=522"}],"wp:term":[{"taxonomy":"product_brand","embeddable":true,"href":"https:\/\/caoba.studio\/en\/wp-json\/wp\/v2\/product_brand?post=522"},{"taxonomy":"product_cat","embeddable":true,"href":"https:\/\/caoba.studio\/en\/wp-json\/wp\/v2\/product_cat?post=522"},{"taxonomy":"product_tag","embeddable":true,"href":"https:\/\/caoba.studio\/en\/wp-json\/wp\/v2\/product_tag?post=522"}],"curies":[{"name":"wp","href":"https:\/\/api.w.org\/{rel}","templated":true}]}}