{"id":525,"date":"2025-08-15T02:18:52","date_gmt":"2025-08-15T02:18:52","guid":{"rendered":"https:\/\/caoba.studio\/?post_type=product&#038;p=525"},"modified":"2025-08-15T02:18:52","modified_gmt":"2025-08-15T02:18:52","slug":"design-proposal-blueprint","status":"publish","type":"product","link":"https:\/\/caoba.studio\/en\/product\/design-proposal-blueprint\/","title":{"rendered":"Design Proposal Blueprint"},"content":{"rendered":"<p><strong>Transform your branding proposals with ease!<\/strong><\/p>\n<p>Elevate the way you present your branding proposals to clients with our 21-page editable template featuring real copy you can use and be inspired by. Specifically designed for designers, this template offers you a\u00a0<strong>polished and professional layout<\/strong>\u00a0to deliver your ideas with zero to no complications.<\/p>\n<p>&nbsp;<\/p>\n<p>With this blueprint, you'll be able to<\/p>\n<p>&nbsp;<\/p>\n<p>Save time with a ready-to-use structure.<\/p>\n<p>Impress your clients with a minimalist and professional design.<\/p>\n<p>Reduce revisions by presenting clear, concise, and well-organized information.<\/p>\n<p>Customize it to reflect your unique style and vision.<\/p>\n<p>&nbsp;<\/p>\n<p>Whether you're an experienced designer or just starting out, this template ensures that your proposals leave a lasting impression and streamline your workflow.<\/p>\n<p>&nbsp;<\/p>\n<h2 class=\"s__81QcWV oB23zdA---typography-11-runningText oB23zdA---priority-7-primary _HOcyB x4nptw sxbtulv ftb6e2\" aria-hidden=\"false\" data-hook=\"info-section-title\">What\u00b4s included?<\/h2>\n<div class=\"rah-static rah-static--height-auto\" aria-hidden=\"false\">\n<div>\n<div class=\"ulKuLk QfrfFD cell\">\n<div class=\"zp8uy2\" data-hook=\"info-section-description\">\n<p>Editable .Ai (Adobe Illustrator) file so you can adjust and customize it to your needs.<\/p>\n<p>PDF file with notes to guide you with tips and insights on some of the elements included.<\/p>\n<p>&nbsp;<\/p>\n<\/div>\n<h2 class=\"s__81QcWV oB23zdA---typography-11-runningText oB23zdA---priority-7-primary _HOcyB x4nptw sxbtulv ftb6e2\" aria-hidden=\"false\" data-hook=\"info-section-title\">IMPORTANT<\/h2>\n<div class=\"rah-static rah-static--height-auto\" aria-hidden=\"false\">\n<div>\n<div class=\"ulKuLk QfrfFD cell\">\n<div class=\"zp8uy2\" data-hook=\"info-section-description\">\n<p>This purchase is for ONE individual license and may not be reused by others (clients, friends, etc.).<\/p>\n<p>Since this is a digital product, there are NO REFUNDS OR EXCHANGES.<\/p>\n<p>You'll be able to download immediately.<\/p>\n<\/div>\n<\/div>\n<\/div>\n<\/div>\n<\/div>\n<\/div>\n<\/div>","protected":false},"excerpt":{"rendered":"<p>\u00a1Transforma tus propuestas de branding con facilidad! Eleva la forma en que presentas tus propuestas de branding a los clientes con nuestra plantilla editable de 21 p\u00e1ginas con textos reales en los que te puedes apoyar e inspirar. Dise\u00f1ada espec\u00edficamente para dise\u00f1adores, esta plantilla te ofrece un\u00a0formato pulido y profesional\u00a0para entregar tus ideas sin complicaciones. [&hellip;]<\/p>","protected":false},"featured_media":526,"comment_status":"open","ping_status":"closed","template":"","meta":{"_acf_changed":false,"inline_featured_image":false},"product_brand":[],"product_cat":[15],"product_tag":[],"class_list":{"0":"post-525","1":"product","2":"type-product","3":"status-publish","4":"has-post-thumbnail","6":"product_cat-uncategorized","8":"first","9":"instock","10":"downloadable","11":"virtual","12":"purchasable","13":"product-type-simple"},"acf":[],"_links":{"self":[{"href":"https:\/\/caoba.studio\/en\/wp-json\/wp\/v2\/product\/525","targetHints":{"allow":["GET"]}}],"collection":[{"href":"https:\/\/caoba.studio\/en\/wp-json\/wp\/v2\/product"}],"about":[{"href":"https:\/\/caoba.studio\/en\/wp-json\/wp\/v2\/types\/product"}],"replies":[{"embeddable":true,"href":"https:\/\/caoba.studio\/en\/wp-json\/wp\/v2\/comments?post=525"}],"wp:featuredmedia":[{"embeddable":true,"href":"https:\/\/caoba.studio\/en\/wp-json\/wp\/v2\/media\/526"}],"wp:attachment":[{"href":"https:\/\/caoba.studio\/en\/wp-json\/wp\/v2\/media?parent=525"}],"wp:term":[{"taxonomy":"product_brand","embeddable":true,"href":"https:\/\/caoba.studio\/en\/wp-json\/wp\/v2\/product_brand?post=525"},{"taxonomy":"product_cat","embeddable":true,"href":"https:\/\/caoba.studio\/en\/wp-json\/wp\/v2\/product_cat?post=525"},{"taxonomy":"product_tag","embeddable":true,"href":"https:\/\/caoba.studio\/en\/wp-json\/wp\/v2\/product_tag?post=525"}],"curies":[{"name":"wp","href":"https:\/\/api.w.org\/{rel}","templated":true}]}}