{"id":530,"date":"2025-08-15T02:21:42","date_gmt":"2025-08-15T02:21:42","guid":{"rendered":"https:\/\/caoba.studio\/?post_type=product&#038;p=530"},"modified":"2025-08-15T02:21:42","modified_gmt":"2025-08-15T02:21:42","slug":"branding-brief-blueprint","status":"publish","type":"product","link":"https:\/\/caoba.studio\/en\/product\/branding-brief-blueprint\/","title":{"rendered":"Branding Brief Blueprint"},"content":{"rendered":"<p><strong>Build clear, strategic projects from day one.<\/strong><\/p>\n<p>Our\u00a0<strong>Branding Brief Blueprint<\/strong>\u00a0is a template designed to structure and organize all the information needed to bring any branding project to success. With this format, you and your clients can define the project\u2019s objectives, creative vision, and strategic parameters together.<\/p>\n<p>&nbsp;<\/p>\n<p>What benefits will you get?<br \/>\nA\u00a0<strong>clear structure<\/strong>\u00a0to gather all essential information.<br \/>\nA\u00a0<strong>professional document<\/strong>\u00a0to guide your project's creative direction.<br \/>\nA point of reference to ensure every decision is aligned with the client\u2019s objectives.<br \/>\nFewer revisions and greater clarity at every stage of the process.<\/p>\n<p>&nbsp;<\/p>\n<p><strong>Give direction and clarity to every project<\/strong>\u00a0with this brief that professionalizes your work and elevates your client relationships.<\/p>\n<p>&nbsp;<\/p>\n<h2 class=\"s__81QcWV oB23zdA---typography-11-runningText oB23zdA---priority-7-primary _HOcyB x4nptw sxbtulv ftb6e2\" aria-hidden=\"false\" data-hook=\"info-section-title\">IMPORTANT<\/h2>\n<div class=\"rah-static rah-static--height-auto\" aria-hidden=\"false\">\n<div>\n<div class=\"ulKuLk QfrfFD cell\">\n<div class=\"zp8uy2\" data-hook=\"info-section-description\">\n<p>This purchase is for ONE individual license and may not be reused by others (clients, friends, etc.).<\/p>\n<p>Since this is a digital product, there are NO REFUNDS OR EXCHANGES.<\/p>\n<p>You will be able to download it immediately. This product is in Spanish.<\/p>\n<\/div>\n<\/div>\n<\/div>\n<\/div>","protected":false},"excerpt":{"rendered":"<p>Crea proyectos claros y estrat\u00e9gicos desde el d\u00eda uno. Nuestro\u00a0Brief para Clientes de Branding\u00a0es una plantilla dise\u00f1ada para estructurar y organizar toda la informaci\u00f3n necesaria para llevar cualquier proyecto de branding al \u00e9xito. Con este formato, t\u00fa y tus clientes podr\u00e1n definir juntos los objetivos, la visi\u00f3n creativa y los par\u00e1metros estrat\u00e9gicos del proyecto. &nbsp; [&hellip;]<\/p>","protected":false},"featured_media":531,"comment_status":"open","ping_status":"closed","template":"","meta":{"_acf_changed":false,"inline_featured_image":false},"product_brand":[],"product_cat":[15],"product_tag":[],"class_list":{"0":"post-530","1":"product","2":"type-product","3":"status-publish","4":"has-post-thumbnail","6":"product_cat-uncategorized","8":"first","9":"instock","10":"downloadable","11":"virtual","12":"purchasable","13":"product-type-simple"},"acf":[],"_links":{"self":[{"href":"https:\/\/caoba.studio\/en\/wp-json\/wp\/v2\/product\/530","targetHints":{"allow":["GET"]}}],"collection":[{"href":"https:\/\/caoba.studio\/en\/wp-json\/wp\/v2\/product"}],"about":[{"href":"https:\/\/caoba.studio\/en\/wp-json\/wp\/v2\/types\/product"}],"replies":[{"embeddable":true,"href":"https:\/\/caoba.studio\/en\/wp-json\/wp\/v2\/comments?post=530"}],"wp:featuredmedia":[{"embeddable":true,"href":"https:\/\/caoba.studio\/en\/wp-json\/wp\/v2\/media\/531"}],"wp:attachment":[{"href":"https:\/\/caoba.studio\/en\/wp-json\/wp\/v2\/media?parent=530"}],"wp:term":[{"taxonomy":"product_brand","embeddable":true,"href":"https:\/\/caoba.studio\/en\/wp-json\/wp\/v2\/product_brand?post=530"},{"taxonomy":"product_cat","embeddable":true,"href":"https:\/\/caoba.studio\/en\/wp-json\/wp\/v2\/product_cat?post=530"},{"taxonomy":"product_tag","embeddable":true,"href":"https:\/\/caoba.studio\/en\/wp-json\/wp\/v2\/product_tag?post=530"}],"curies":[{"name":"wp","href":"https:\/\/api.w.org\/{rel}","templated":true}]}}